{"id":5045,"date":"2024-05-31T20:31:46","date_gmt":"2024-05-31T20:31:46","guid":{"rendered":"https:\/\/iamcreation.com\/product\/ritual-de-entrada\/"},"modified":"2024-09-19T00:41:18","modified_gmt":"2024-09-19T00:41:18","slug":"ritual-de-entrada","status":"publish","type":"product","link":"https:\/\/iamcreation.com\/pt-br\/produto\/ritual-de-entrada\/","title":{"rendered":"Entryway Ritual"},"content":{"rendered":"<div data-post-id=\"2537\" class=\"insert-page insert-page-2537 \"><style>.elementor-4630 .elementor-element.elementor-element-1d67b28{--display:flex;--flex-direction:column;--container-widget-width:100%;--container-widget-height:initial;--container-widget-flex-grow:0;--container-widget-align-self:initial;--flex-wrap-mobile:wrap;--padding-top:2%;--padding-bottom:2%;--padding-left:2%;--padding-right:2%;}.elementor-4630 .elementor-element.elementor-element-0335778{--display:flex;--flex-direction:column;--container-widget-width:100%;--container-widget-height:initial;--container-widget-flex-grow:0;--container-widget-align-self:initial;--flex-wrap-mobile:wrap;--padding-top:30px;--padding-bottom:0px;--padding-left:0px;--padding-right:0px;}.elementor-4630 .elementor-element.elementor-element-a6b47df{text-align:center;}.elementor-4630 .elementor-element.elementor-element-a6b47df .elementor-heading-title{font-size:24px;}.elementor-4630 .elementor-element.elementor-element-e4d1b3e .elementskit-accordion .elementskit-card-header>.elementskit-btn-link{font-weight:600;text-transform:uppercase;background-color:var( --e-global-color-704297c );border-style:solid;border-width:0px 0px 2px 0px;border-color:var( --e-global-color-text );padding:20px 20px 20px 20px;}.elementor-4630 .elementor-element.elementor-element-e4d1b3e .elementskit-accordion .elementskit-card .elementskit-card-header>.elementskit-btn-link[aria-expanded=\"true\"]{color:var( --e-global-color-text );border-style:solid;border-width:0px 0px 1px 0px;border-color:#EAEAEA;}.elementor-4630 .elementor-element.elementor-element-e4d1b3e .elementskit-accordion.curve-shape .elementskit-card-header>.elementskit-btn-link[aria-expanded=true]{color:var( --e-global-color-text );}.elementor-4630 .elementor-element.elementor-element-e4d1b3e .elementskit-accordion.accoedion-primary .elementskit-card .elementskit-card-header>.elementskit-btn-link[aria-expanded=\"true\"], .elementor-4630 .elementor-element.elementor-element-e4d1b3e .elementskit-accordion .elementskit-card-header>.elementskit-btn-link[aria-expanded=true], .elementor-4630 .elementor-element.elementor-element-e4d1b3e .elementskit-accordion.floating-style .elementskit-card .elementskit-btn-link[aria-expanded=\"true\"]{background-color:var( --e-global-color-704297c );}.elementor-4630 .elementor-element.elementor-element-e4d1b3e .elementskit-accordion .elementskit-card-body p{color:var( --e-global-color-text );}.elementor-4630 .elementor-element.elementor-element-e4d1b3e .elementskit-accordion .elementskit-card-body{color:var( --e-global-color-text );padding:30px 40px 30px 40px;}.elementor-4630 .elementor-element.elementor-element-e4d1b3e .elementskit-accordion .elementskit-card-body, .elementor-4630 .elementor-element.elementor-element-e4d1b3e .accordion.floating-style .elementskit-card-body{background-color:var( --e-global-color-be91e5f );}@media(max-width:767px){.elementor-4630 .elementor-element.elementor-element-0335778{--padding-top:10%;--padding-bottom:10%;--padding-left:3%;--padding-right:3%;}}@media(min-width:768px){.elementor-4630 .elementor-element.elementor-element-1d67b28{--content-width:800px;}}<\/style>\t\t<div data-elementor-type=\"page\" data-elementor-id=\"4630\" class=\"elementor elementor-4630 elementor-2537\" data-elementor-post-type=\"elementor_library\">\n\t\t\t\t<div class=\"elementor-element elementor-element-1d67b28 e-flex e-con-boxed wpr-particle-no wpr-jarallax-no wpr-parallax-no wpr-sticky-section-no e-con e-parent\" data-id=\"1d67b28\" data-element_type=\"container\" data-e-type=\"container\">\n\t\t\t\t\t<div class=\"e-con-inner\">\n\t\t<div class=\"elementor-element elementor-element-0335778 e-con-full e-flex wpr-particle-no wpr-jarallax-no wpr-parallax-no wpr-sticky-section-no e-con e-child\" data-id=\"0335778\" data-element_type=\"container\" data-e-type=\"container\">\n\t\t\t\t<div class=\"elementor-element elementor-element-a6b47df elementor-widget elementor-widget-heading\" data-id=\"a6b47df\" data-element_type=\"widget\" data-e-type=\"widget\" data-widget_type=\"heading.default\">\n\t\t\t\t<div class=\"elementor-widget-container\">\n\t\t\t\t\t<h3 class=\"elementor-heading-title elementor-size-default\">PERGUNTAS FREQUENTES<\/h3>\t\t\t\t<\/div>\n\t\t\t\t<\/div>\n\t\t\t\t<div class=\"elementor-element elementor-element-e4d1b3e elementor-widget elementor-widget-elementskit-accordion\" data-id=\"e4d1b3e\" data-element_type=\"widget\" data-e-type=\"widget\" data-widget_type=\"elementskit-accordion.default\">\n\t\t\t\t<div class=\"elementor-widget-container\">\n\t\t\t\t\t<div class=\"ekit-wid-con\" >\n        <div class=\"elementskit-accordion accoedion-primary\" id=\"accordion-69d291e5a49d9\">\n\n            \n                <div class=\"elementskit-card \">\n                    <div class=\"elementskit-card-header\" id=\"primaryHeading-0-e4d1b3e\">\n                        <a href=\"#collapse-4aec5db69d291e5a49d9\" class=\"ekit-accordion--toggler elementskit-btn-link collapsed\" data-ekit-toggle=\"collapse\" data-target=\"#Collapse-4aec5db69d291e5a49d9\" aria-expanded=\"false\" aria-controls=\"Collapse-4aec5db69d291e5a49d9\">\n                                                            <div class=\"ekit_accordion_icon_left_group\">\n                                    <div class=\"ekit_accordion_normal_icon\">\n                                        <!-- Normal Icon -->\n                                        <i class=\"icon icon-down-arrow1\"><\/i>                                    <\/div>\n\n                                    <div class=\"ekit_accordion_active_icon\">\n                                        <!-- Active Icon -->\n\t\t\t\t\t\t\t\t\t\t<i class=\"icon icon-up-arrow1\"><\/i>                                    <\/div>\n                                <\/div>\n\n                            \n                            <span class=\"ekit-accordion-title\">O que \u00e9 a cria\u00e7\u00e3o do I am Creation?<\/span>\n\n                            \n                                                    <\/a>\n                    <\/div>\n\n                    <div id=\"Collapse-4aec5db69d291e5a49d9\" class=\" collapse\" aria-labelledby=\"primaryHeading-0-e4d1b3e\" data-parent=\"#accordion-69d291e5a49d9\">\n\n                        <div class=\"elementskit-card-body ekit-accordion--content\">\n                            <p>I am <span style=\"font-family: -webkit-standard;font-size: medium\">Creation\u2122<\/span> \u00e9 uma plataforma que produz e oferece filmes imersivos que traduzem conhecimento poderoso e potente por meio da arte.<br \/>\nPara algumas cole\u00e7\u00f5es, esses filmes s\u00e3o acompanhados por caixas de experi\u00eancia de alta qualidade e com curadoria. <\/p>\n                        <\/div>\n\n                    <\/div>\n\n                <\/div><!-- .elementskit-card END -->\n\n                \n                <div class=\"elementskit-card \">\n                    <div class=\"elementskit-card-header\" id=\"primaryHeading-1-e4d1b3e\">\n                        <a href=\"#collapse-e83226b69d291e5a49d9\" class=\"ekit-accordion--toggler elementskit-btn-link collapsed\" data-ekit-toggle=\"collapse\" data-target=\"#Collapse-e83226b69d291e5a49d9\" aria-expanded=\"false\" aria-controls=\"Collapse-e83226b69d291e5a49d9\">\n                                                            <div class=\"ekit_accordion_icon_left_group\">\n                                    <div class=\"ekit_accordion_normal_icon\">\n                                        <!-- Normal Icon -->\n                                        <i class=\"icon icon-down-arrow1\"><\/i>                                    <\/div>\n\n                                    <div class=\"ekit_accordion_active_icon\">\n                                        <!-- Active Icon -->\n\t\t\t\t\t\t\t\t\t\t<i class=\"icon icon-up-arrow1\"><\/i>                                    <\/div>\n                                <\/div>\n\n                            \n                            <span class=\"ekit-accordion-title\">O que \u00e9 design hol\u00edstico?<\/span>\n\n                            \n                                                    <\/a>\n                    <\/div>\n\n                    <div id=\"Collapse-e83226b69d291e5a49d9\" class=\" collapse\" aria-labelledby=\"primaryHeading-1-e4d1b3e\" data-parent=\"#accordion-69d291e5a49d9\">\n\n                        <div class=\"elementskit-card-body ekit-accordion--content\">\n                            <p>Fundada por Kimberly Garner, a Holistic Design \u00e9 pioneira no campo inovador da Lingu\u00edstica Neuroespacial.<br \/>\nKimberly passou mais de 25 anos estudando, pesquisando e cruzando os campos do design, da ci\u00eancia e da alma.<br \/>\nSua colabora\u00e7\u00e3o com a I am <span style=\"font-family: -webkit-standard;font-size: medium\">Creation\u2122<\/span> mostra a natureza interconectada entre o design e as experi\u00eancias de nossa vida, para que possamos fazer a curadoria de nossa casa, c\u00f4modo por c\u00f4modo, para alcan\u00e7ar os resultados que desejamos.  <\/p>\n                        <\/div>\n\n                    <\/div>\n\n                <\/div><!-- .elementskit-card END -->\n\n                \n                <div class=\"elementskit-card \">\n                    <div class=\"elementskit-card-header\" id=\"primaryHeading-2-e4d1b3e\">\n                        <a href=\"#collapse-543fcbb69d291e5a49d9\" class=\"ekit-accordion--toggler elementskit-btn-link collapsed\" data-ekit-toggle=\"collapse\" data-target=\"#Collapse-543fcbb69d291e5a49d9\" aria-expanded=\"false\" aria-controls=\"Collapse-543fcbb69d291e5a49d9\">\n                                                            <div class=\"ekit_accordion_icon_left_group\">\n                                    <div class=\"ekit_accordion_normal_icon\">\n                                        <!-- Normal Icon -->\n                                        <i class=\"icon icon-down-arrow1\"><\/i>                                    <\/div>\n\n                                    <div class=\"ekit_accordion_active_icon\">\n                                        <!-- Active Icon -->\n\t\t\t\t\t\t\t\t\t\t<i class=\"icon icon-up-arrow1\"><\/i>                                    <\/div>\n                                <\/div>\n\n                            \n                            <span class=\"ekit-accordion-title\">O que voc\u00ea aprender\u00e1 nos filmes de conhecimento?<\/span>\n\n                            \n                                                    <\/a>\n                    <\/div>\n\n                    <div id=\"Collapse-543fcbb69d291e5a49d9\" class=\" collapse\" aria-labelledby=\"primaryHeading-2-e4d1b3e\" data-parent=\"#accordion-69d291e5a49d9\">\n\n                        <div class=\"elementskit-card-body ekit-accordion--content\">\n                            <p>Nossa colabora\u00e7\u00e3o cinematogr\u00e1fica com Kimberly Garner ensinar\u00e1 a voc\u00ea como fazer a curadoria de sua casa para que ela eleve qualquer aspecto de sua vida.<br \/>\nBaseado em epigen\u00e9tica, neuroplasticidade e design. <\/p>\n                        <\/div>\n\n                    <\/div>\n\n                <\/div><!-- .elementskit-card END -->\n\n                \n                <div class=\"elementskit-card \">\n                    <div class=\"elementskit-card-header\" id=\"primaryHeading-3-e4d1b3e\">\n                        <a href=\"#collapse-ba6214069d291e5a49d9\" class=\"ekit-accordion--toggler elementskit-btn-link collapsed\" data-ekit-toggle=\"collapse\" data-target=\"#Collapse-ba6214069d291e5a49d9\" aria-expanded=\"false\" aria-controls=\"Collapse-ba6214069d291e5a49d9\">\n                                                            <div class=\"ekit_accordion_icon_left_group\">\n                                    <div class=\"ekit_accordion_normal_icon\">\n                                        <!-- Normal Icon -->\n                                        <i class=\"icon icon-down-arrow1\"><\/i>                                    <\/div>\n\n                                    <div class=\"ekit_accordion_active_icon\">\n                                        <!-- Active Icon -->\n\t\t\t\t\t\t\t\t\t\t<i class=\"icon icon-up-arrow1\"><\/i>                                    <\/div>\n                                <\/div>\n\n                            \n                            <span class=\"ekit-accordion-title\">Como meu Knowledge Film \u00e9 entregue?<\/span>\n\n                            \n                                                    <\/a>\n                    <\/div>\n\n                    <div id=\"Collapse-ba6214069d291e5a49d9\" class=\" collapse\" aria-labelledby=\"primaryHeading-3-e4d1b3e\" data-parent=\"#accordion-69d291e5a49d9\">\n\n                        <div class=\"elementskit-card-body ekit-accordion--content\">\n                            <p>Ao comprar um filme de conhecimento da cole\u00e7\u00e3o The Language Of Home, voc\u00ea receber\u00e1 um c\u00f3digo de acesso para assistir ao filme e um guia em PDF para download.<\/p>\n                        <\/div>\n\n                    <\/div>\n\n                <\/div><!-- .elementskit-card END -->\n\n                                        <\/div>\n    <\/div>\t\t\t\t<\/div>\n\t\t\t\t<\/div>\n\t\t\t\t<\/div>\n\t\t\t\t\t<\/div>\n\t\t\t\t<\/div>\n\t\t\t\t<\/div>\n\t\t<\/div>\n","protected":false},"excerpt":{"rendered":"[insert page=\"2195\" display=\"content\"]\n","protected":false},"featured_media":4218,"comment_status":"closed","ping_status":"closed","template":"","meta":{"_acf_changed":false},"product_brand":[],"product_cat":[40],"product_tag":[],"class_list":{"0":"post-5045","1":"product","2":"type-product","3":"status-publish","4":"has-post-thumbnail","6":"product_cat-rituais-domesticos","9":"outofstock","10":"sale","11":"taxable","12":"shipping-taxable","13":"purchasable","14":"product-type-simple"},"acf":[],"yoast_head":"<!-- This site is optimized with the Yoast SEO plugin v27.2 - https:\/\/yoast.com\/product\/yoast-seo-wordpress\/ -->\n<title>Entryway Ritual - I am Creation\u00ae<\/title>\n<meta name=\"robots\" content=\"index, follow, max-snippet:-1, max-image-preview:large, max-video-preview:-1\" \/>\n<link rel=\"canonical\" href=\"https:\/\/iamcreation.com\/pt-br\/produto\/ritual-de-entrada\/\" \/>\n<meta property=\"og:locale\" content=\"pt_BR\" \/>\n<meta property=\"og:type\" content=\"article\" \/>\n<meta property=\"og:title\" content=\"Entryway Ritual - I am Creation\u00ae\" \/>\n<meta property=\"og:url\" content=\"https:\/\/iamcreation.com\/pt-br\/produto\/ritual-de-entrada\/\" \/>\n<meta property=\"og:site_name\" content=\"I am Creation\u00ae\" \/>\n<meta property=\"article:publisher\" content=\"https:\/\/www.facebook.com\/profile.php?id=61553871809663\" \/>\n<meta property=\"article:modified_time\" content=\"2024-09-19T00:41:18+00:00\" \/>\n<meta property=\"og:image\" content=\"https:\/\/iamcreation.com\/wp-content\/uploads\/2024\/05\/I_Am_Creation_Crystal_Bowl_2-scaled-2.webp\" \/>\n\t<meta property=\"og:image:width\" content=\"2000\" \/>\n\t<meta property=\"og:image:height\" content=\"2000\" \/>\n\t<meta property=\"og:image:type\" content=\"image\/webp\" \/>\n<meta name=\"twitter:card\" content=\"summary_large_image\" \/>\n<meta name=\"twitter:description\" content=\"[insert page=&quot;2195&quot; display=&quot;content&quot;]\" \/>\n<script type=\"application\/ld+json\" class=\"yoast-schema-graph\">{\"@context\":\"https:\/\/schema.org\",\"@graph\":[{\"@type\":\"WebPage\",\"@id\":\"https:\/\/iamcreation.com\/pt-br\/produto\/ritual-de-entrada\/\",\"url\":\"https:\/\/iamcreation.com\/pt-br\/produto\/ritual-de-entrada\/\",\"name\":\"Entryway Ritual - I am Creation\u00ae\",\"isPartOf\":{\"@id\":\"https:\/\/iamcreation.com\/pt-br\/#website\"},\"primaryImageOfPage\":{\"@id\":\"https:\/\/iamcreation.com\/pt-br\/produto\/ritual-de-entrada\/#primaryimage\"},\"image\":{\"@id\":\"https:\/\/iamcreation.com\/pt-br\/produto\/ritual-de-entrada\/#primaryimage\"},\"thumbnailUrl\":\"https:\/\/iamcreation.com\/wp-content\/uploads\/2024\/05\/I_Am_Creation_Crystal_Bowl_2-scaled-2.webp\",\"datePublished\":\"2024-05-31T20:31:46+00:00\",\"dateModified\":\"2024-09-19T00:41:18+00:00\",\"breadcrumb\":{\"@id\":\"https:\/\/iamcreation.com\/pt-br\/produto\/ritual-de-entrada\/#breadcrumb\"},\"inLanguage\":\"pt-BR\",\"potentialAction\":[{\"@type\":\"ReadAction\",\"target\":[\"https:\/\/iamcreation.com\/pt-br\/produto\/ritual-de-entrada\/\"]}]},{\"@type\":\"ImageObject\",\"inLanguage\":\"pt-BR\",\"@id\":\"https:\/\/iamcreation.com\/pt-br\/produto\/ritual-de-entrada\/#primaryimage\",\"url\":\"https:\/\/iamcreation.com\/wp-content\/uploads\/2024\/05\/I_Am_Creation_Crystal_Bowl_2-scaled-2.webp\",\"contentUrl\":\"https:\/\/iamcreation.com\/wp-content\/uploads\/2024\/05\/I_Am_Creation_Crystal_Bowl_2-scaled-2.webp\",\"width\":2000,\"height\":2000},{\"@type\":\"BreadcrumbList\",\"@id\":\"https:\/\/iamcreation.com\/pt-br\/produto\/ritual-de-entrada\/#breadcrumb\",\"itemListElement\":[{\"@type\":\"ListItem\",\"position\":1,\"name\":\"Home\",\"item\":\"https:\/\/iamcreation.com\/pt-br\/\"},{\"@type\":\"ListItem\",\"position\":2,\"name\":\"Loja\",\"item\":\"https:\/\/iamcreation.com\/pt-br\/loja\/\"},{\"@type\":\"ListItem\",\"position\":3,\"name\":\"Entryway Ritual\"}]},{\"@type\":\"WebSite\",\"@id\":\"https:\/\/iamcreation.com\/pt-br\/#website\",\"url\":\"https:\/\/iamcreation.com\/pt-br\/\",\"name\":\"I am Creation\u00ae\",\"description\":\"\",\"publisher\":{\"@id\":\"https:\/\/iamcreation.com\/pt-br\/#organization\"},\"potentialAction\":[{\"@type\":\"SearchAction\",\"target\":{\"@type\":\"EntryPoint\",\"urlTemplate\":\"https:\/\/iamcreation.com\/pt-br\/?s={search_term_string}\"},\"query-input\":{\"@type\":\"PropertyValueSpecification\",\"valueRequired\":true,\"valueName\":\"search_term_string\"}}],\"inLanguage\":\"pt-BR\"},{\"@type\":\"Organization\",\"@id\":\"https:\/\/iamcreation.com\/pt-br\/#organization\",\"name\":\"Eu sou a Creation\u00ae.\",\"url\":\"https:\/\/iamcreation.com\/pt-br\/\",\"logo\":{\"@type\":\"ImageObject\",\"inLanguage\":\"pt-BR\",\"@id\":\"https:\/\/iamcreation.com\/pt-br\/#\/schema\/logo\/image\/\",\"url\":\"https:\/\/iamcreation.com\/wp-content\/uploads\/2024\/05\/Logo-Text-with-Texture_Transparent.png\",\"contentUrl\":\"https:\/\/iamcreation.com\/wp-content\/uploads\/2024\/05\/Logo-Text-with-Texture_Transparent.png\",\"width\":1070,\"height\":291,\"caption\":\"Eu sou a Creation\u00ae.\"},\"image\":{\"@id\":\"https:\/\/iamcreation.com\/pt-br\/#\/schema\/logo\/image\/\"},\"sameAs\":[\"https:\/\/www.facebook.com\/profile.php?id=61553871809663\",\"https:\/\/www.instagram.com\/_iamcreation\/\"]}]}<\/script>\n<!-- \/ Yoast SEO plugin. -->","yoast_head_json":{"title":"Entryway Ritual - I am Creation\u00ae","robots":{"index":"index","follow":"follow","max-snippet":"max-snippet:-1","max-image-preview":"max-image-preview:large","max-video-preview":"max-video-preview:-1"},"canonical":"https:\/\/iamcreation.com\/pt-br\/produto\/ritual-de-entrada\/","og_locale":"pt_BR","og_type":"article","og_title":"Entryway Ritual - I am Creation\u00ae","og_url":"https:\/\/iamcreation.com\/pt-br\/produto\/ritual-de-entrada\/","og_site_name":"I am Creation\u00ae","article_publisher":"https:\/\/www.facebook.com\/profile.php?id=61553871809663","article_modified_time":"2024-09-19T00:41:18+00:00","og_image":[{"width":2000,"height":2000,"url":"https:\/\/iamcreation.com\/wp-content\/uploads\/2024\/05\/I_Am_Creation_Crystal_Bowl_2-scaled-2.webp","type":"image\/webp"}],"twitter_card":"summary_large_image","twitter_description":"[insert page=\"2195\" display=\"content\"]","schema":{"@context":"https:\/\/schema.org","@graph":[{"@type":"WebPage","@id":"https:\/\/iamcreation.com\/pt-br\/produto\/ritual-de-entrada\/","url":"https:\/\/iamcreation.com\/pt-br\/produto\/ritual-de-entrada\/","name":"Entryway Ritual - I am Creation\u00ae","isPartOf":{"@id":"https:\/\/iamcreation.com\/pt-br\/#website"},"primaryImageOfPage":{"@id":"https:\/\/iamcreation.com\/pt-br\/produto\/ritual-de-entrada\/#primaryimage"},"image":{"@id":"https:\/\/iamcreation.com\/pt-br\/produto\/ritual-de-entrada\/#primaryimage"},"thumbnailUrl":"https:\/\/iamcreation.com\/wp-content\/uploads\/2024\/05\/I_Am_Creation_Crystal_Bowl_2-scaled-2.webp","datePublished":"2024-05-31T20:31:46+00:00","dateModified":"2024-09-19T00:41:18+00:00","breadcrumb":{"@id":"https:\/\/iamcreation.com\/pt-br\/produto\/ritual-de-entrada\/#breadcrumb"},"inLanguage":"pt-BR","potentialAction":[{"@type":"ReadAction","target":["https:\/\/iamcreation.com\/pt-br\/produto\/ritual-de-entrada\/"]}]},{"@type":"ImageObject","inLanguage":"pt-BR","@id":"https:\/\/iamcreation.com\/pt-br\/produto\/ritual-de-entrada\/#primaryimage","url":"https:\/\/iamcreation.com\/wp-content\/uploads\/2024\/05\/I_Am_Creation_Crystal_Bowl_2-scaled-2.webp","contentUrl":"https:\/\/iamcreation.com\/wp-content\/uploads\/2024\/05\/I_Am_Creation_Crystal_Bowl_2-scaled-2.webp","width":2000,"height":2000},{"@type":"BreadcrumbList","@id":"https:\/\/iamcreation.com\/pt-br\/produto\/ritual-de-entrada\/#breadcrumb","itemListElement":[{"@type":"ListItem","position":1,"name":"Home","item":"https:\/\/iamcreation.com\/pt-br\/"},{"@type":"ListItem","position":2,"name":"Loja","item":"https:\/\/iamcreation.com\/pt-br\/loja\/"},{"@type":"ListItem","position":3,"name":"Entryway Ritual"}]},{"@type":"WebSite","@id":"https:\/\/iamcreation.com\/pt-br\/#website","url":"https:\/\/iamcreation.com\/pt-br\/","name":"I am Creation\u00ae","description":"","publisher":{"@id":"https:\/\/iamcreation.com\/pt-br\/#organization"},"potentialAction":[{"@type":"SearchAction","target":{"@type":"EntryPoint","urlTemplate":"https:\/\/iamcreation.com\/pt-br\/?s={search_term_string}"},"query-input":{"@type":"PropertyValueSpecification","valueRequired":true,"valueName":"search_term_string"}}],"inLanguage":"pt-BR"},{"@type":"Organization","@id":"https:\/\/iamcreation.com\/pt-br\/#organization","name":"Eu sou a Creation\u00ae.","url":"https:\/\/iamcreation.com\/pt-br\/","logo":{"@type":"ImageObject","inLanguage":"pt-BR","@id":"https:\/\/iamcreation.com\/pt-br\/#\/schema\/logo\/image\/","url":"https:\/\/iamcreation.com\/wp-content\/uploads\/2024\/05\/Logo-Text-with-Texture_Transparent.png","contentUrl":"https:\/\/iamcreation.com\/wp-content\/uploads\/2024\/05\/Logo-Text-with-Texture_Transparent.png","width":1070,"height":291,"caption":"Eu sou a Creation\u00ae."},"image":{"@id":"https:\/\/iamcreation.com\/pt-br\/#\/schema\/logo\/image\/"},"sameAs":["https:\/\/www.facebook.com\/profile.php?id=61553871809663","https:\/\/www.instagram.com\/_iamcreation\/"]}]}},"_links":{"self":[{"href":"https:\/\/iamcreation.com\/pt-br\/wp-json\/wp\/v2\/product\/5045","targetHints":{"allow":["GET"]}}],"collection":[{"href":"https:\/\/iamcreation.com\/pt-br\/wp-json\/wp\/v2\/product"}],"about":[{"href":"https:\/\/iamcreation.com\/pt-br\/wp-json\/wp\/v2\/types\/product"}],"replies":[{"embeddable":true,"href":"https:\/\/iamcreation.com\/pt-br\/wp-json\/wp\/v2\/comments?post=5045"}],"version-history":[{"count":1,"href":"https:\/\/iamcreation.com\/pt-br\/wp-json\/wp\/v2\/product\/5045\/revisions"}],"predecessor-version":[{"id":5175,"href":"https:\/\/iamcreation.com\/pt-br\/wp-json\/wp\/v2\/product\/5045\/revisions\/5175"}],"wp:featuredmedia":[{"embeddable":true,"href":"https:\/\/iamcreation.com\/pt-br\/wp-json\/wp\/v2\/media\/4218"}],"wp:attachment":[{"href":"https:\/\/iamcreation.com\/pt-br\/wp-json\/wp\/v2\/media?parent=5045"}],"wp:term":[{"taxonomy":"product_brand","embeddable":true,"href":"https:\/\/iamcreation.com\/pt-br\/wp-json\/wp\/v2\/product_brand?post=5045"},{"taxonomy":"product_cat","embeddable":true,"href":"https:\/\/iamcreation.com\/pt-br\/wp-json\/wp\/v2\/product_cat?post=5045"},{"taxonomy":"product_tag","embeddable":true,"href":"https:\/\/iamcreation.com\/pt-br\/wp-json\/wp\/v2\/product_tag?post=5045"}],"curies":[{"name":"wp","href":"https:\/\/api.w.org\/{rel}","templated":true}]}}