{"id":4765,"date":"2024-05-29T20:40:47","date_gmt":"2024-05-29T20:40:47","guid":{"rendered":"https:\/\/iamcreation.com\/entre-em-contato-conosco\/"},"modified":"2025-09-10T16:43:13","modified_gmt":"2025-09-10T16:43:13","slug":"entre-em-contato-conosco","status":"publish","type":"page","link":"https:\/\/iamcreation.com\/pt-br\/entre-em-contato-conosco\/","title":{"rendered":"Contact"},"content":{"rendered":"<style>.elementor-4765 .elementor-element.elementor-element-5792e3b{--display:flex;--flex-direction:column;--container-widget-width:100%;--container-widget-height:initial;--container-widget-flex-grow:0;--container-widget-align-self:initial;--flex-wrap-mobile:wrap;--margin-top:0px;--margin-bottom:0px;--margin-left:0px;--margin-right:0px;--padding-top:0px;--padding-bottom:0px;--padding-left:0px;--padding-right:0px;}.elementor-4765 .elementor-element.elementor-element-ce90fa5 .slick-dots,.elementor-4765 .elementor-element.elementor-element-ce90fa5 .premium-carousel-nav-fraction{text-align:center;}.elementor-4765 .elementor-element.elementor-element-ce90fa5 .premium-carousel-scale .premium-carousel-inner .slick-slide{transition:all 300ms !important;}.elementor-4765 .elementor-element.elementor-element-ce90fa5 .premium-carousel-nav-progressbar-fill{transition-duration:300ms !important;}.elementor-4765 .elementor-element.elementor-element-ce90fa5 .premium-carousel-wrapper .slick-arrow{font-size:14px;}.elementor-4765 .elementor-element.elementor-element-ce90fa5 .premium-carousel-wrapper .slick-arrow svg{width:14px;height:14px;}.elementor-4765 .elementor-element.elementor-element-5f4095d{--display:flex;--flex-direction:column;--container-widget-width:100%;--container-widget-height:initial;--container-widget-flex-grow:0;--container-widget-align-self:initial;--flex-wrap-mobile:wrap;--gap:20px 20px;--row-gap:20px;--column-gap:20px;--padding-top:5%;--padding-bottom:5%;--padding-left:3%;--padding-right:3%;}.elementor-4765 .elementor-element.elementor-element-7180e1f{--display:flex;--align-items:center;--container-widget-width:calc( ( 1 - var( --container-widget-flex-grow ) ) * 100% );--margin-top:0px;--margin-bottom:0px;--margin-left:0px;--margin-right:0px;}.elementor-4765 .elementor-element.elementor-element-9b0d38c{text-align:center;width:var( --container-widget-width, 80% );max-width:80%;--container-widget-width:80%;--container-widget-flex-grow:0;}.elementor-4765 .elementor-element.elementor-element-9b0d38c .elementor-heading-title{font-family:\"Prata\", Sans-serif;font-weight:500;line-height:1.5em;color:var( --e-global-color-text );}.elementor-4765 .elementor-element.elementor-element-9b0d38c > .elementor-widget-container{margin:0px 0px 0px 0px;}.elementor-4765 .elementor-element.elementor-element-d7edeaf{text-align:center;}.elementor-4765 .elementor-element.elementor-element-d7edeaf > .elementor-widget-container{margin:0px 0px 20px 0px;}@media(max-width:1366px){.elementor-4765 .elementor-element.elementor-element-9b0d38c{--container-widget-width:100%;--container-widget-flex-grow:0;width:var( --container-widget-width, 100% );max-width:100%;}}@media(min-width:768px){.elementor-4765 .elementor-element.elementor-element-5f4095d{--content-width:700px;}}@media(max-width:767px){.elementor-4765 .elementor-element.elementor-element-5f4095d{--padding-top:10%;--padding-bottom:10%;--padding-left:3%;--padding-right:3%;}.elementor-4765 .elementor-element.elementor-element-9b0d38c > .elementor-widget-container{margin:0px 0px 0px 0px;}}<\/style>\t\t<div data-elementor-type=\"wp-page\" data-elementor-id=\"4765\" class=\"elementor elementor-4765 elementor-872\" data-elementor-post-type=\"page\">\n\t\t\t\t<div class=\"elementor-element elementor-element-5792e3b e-con-full e-flex wpr-particle-no wpr-jarallax-no wpr-parallax-no wpr-sticky-section-no wpr-equal-height-no e-con e-parent\" data-id=\"5792e3b\" data-element_type=\"container\" data-e-type=\"container\">\n\t\t\t\t<div class=\"elementor-element elementor-element-ce90fa5 pa-carousel-template pa-carousel-horizontal pa-arrows-default elementor-widget elementor-widget-premium-carousel-widget\" data-id=\"ce90fa5\" data-element_type=\"widget\" data-e-type=\"widget\" data-widget_type=\"premium-carousel-widget.default\">\n\t\t\t\t<div class=\"elementor-widget-container\">\n\t\t\t\t\t\t\t<div id=\"premium-carousel-wrapper-ce90fa5\" class=\"premium-carousel-wrapper premium-carousel-hidden carousel-wrapper-ce90fa5  premium-carousel-dots-below\" data-settings=\"{&quot;vertical&quot;:false,&quot;appearance&quot;:&quot;all&quot;,&quot;slidesToShow&quot;:1,&quot;infinite&quot;:true,&quot;speed&quot;:300,&quot;fade&quot;:false,&quot;autoplay&quot;:true,&quot;autoplaySpeed&quot;:5000,&quot;draggable&quot;:true,&quot;touchMove&quot;:true,&quot;adaptiveHeight&quot;:false,&quot;variableWidth&quot;:false,&quot;cssEase&quot;:&quot;ease&quot;,&quot;pauseOnHover&quot;:false,&quot;centerMode&quot;:false,&quot;arrows&quot;:true,&quot;dots&quot;:true,&quot;slidesDesk&quot;:1,&quot;slidesTab&quot;:1,&quot;slidesMob&quot;:1,&quot;animation&quot;:&quot;null&quot;,&quot;tabletBreak&quot;:1025,&quot;mobileBreak&quot;:768,&quot;navigation&quot;:[],&quot;carouselNavigation&quot;:true,&quot;templatesNumber&quot;:1,&quot;hasNavSlider&quot;:false,&quot;mouseTilt&quot;:false,&quot;mouseTiltRev&quot;:false}\">\n\t\t\t<!-- Dots -->\n\t\t\t\t\t\t\t<div class=\"premium-carousel-nav-dot\">\n\t\t\t\t\t\t\t\t\t\t\t\t<i class=\"fas fa-circle\" aria-hidden=\"true\"><\/i>\n\t\t\t\t\t\t\t\t\t\t<\/div>\n\t\t\t\n\t\t\t\t\t\t\t<div class=\"premium-carousel-nav-arrow-prev\">\n\t\t\t\t\t<a type=\"button\" data-role=\"none\" class=\"carousel-arrow carousel-prev\" aria-label=\"Previous\" role=\"button\">\n\t\t\t\t\t\t\t\t\t\t\t\t\t<i class=\"fas fa-angle-left\" aria-hidden=\"true\"><\/i>\n\t\t\t\t\t\t\t\t\t\t\t\t<\/a>\n\t\t\t\t\t<\/div>\n\t\t\t\t\t<div class=\"premium-carousel-nav-arrow-next\">\n\t\t\t\t\t\t<a type=\"button\" data-role=\"none\" class=\"carousel-arrow carousel-next\" aria-label=\"Next\" role=\"button\">\n\t\t\t\t\t\t\t\t\t\t\t\t\t\t\t<i class=\"fas fa-angle-right\" aria-hidden=\"true\"><\/i>\n\t\t\t\t\t\t\t\t\t\t\t\t\t\t<\/a>\n\t\t\t\t\t<\/div>\n\t\t\t\n\t\t\t<!-- Main Slides -->\n\t\t\t<div id=\"premium-carousel-ce90fa5\" class=\"premium-carousel-inner\">\n\t\t\t\t\t\t\t\t\t\t<div class=\"premium-carousel-template item-wrapper\" >\n\t\t\t\t\t\t\t<style>.elementor-4714 .elementor-element.elementor-element-4d6f2c1{--display:flex;--flex-direction:column;--container-widget-width:100%;--container-widget-height:initial;--container-widget-flex-grow:0;--container-widget-align-self:initial;--flex-wrap-mobile:wrap;border-style:solid;--border-style:solid;border-width:0px 0px 1px 0px;--border-top-width:0px;--border-right-width:0px;--border-bottom-width:1px;--border-left-width:0px;border-color:#EAEAEA;--border-color:#EAEAEA;--padding-top:2%;--padding-bottom:2%;--padding-left:3%;--padding-right:3%;}.elementor-4714 .elementor-element.elementor-element-87faa51 .hfe-page-title-wrapper{text-align:center;}.elementor-4714 .elementor-element.elementor-element-87faa51 .elementor-heading-title, .elementor-4714 .elementor-element.elementor-element-87faa51 .hfe-page-title a{font-family:\"Cormorant Garamond\", Sans-serif;font-size:45px;font-weight:400;color:var( --e-global-color-text );}.elementor-4714 .elementor-element.elementor-element-87faa51 .hfe-page-title-icon i{color:var( --e-global-color-text );}.elementor-4714 .elementor-element.elementor-element-87faa51 .hfe-page-title-icon svg{fill:var( --e-global-color-text );}.elementor-4714 .elementor-element.elementor-element-87faa51 > .elementor-widget-container{margin:0px 0px 0px 0px;padding:0px 0px 0px 0px;}@media(max-width:1024px){.elementor-4714 .elementor-element.elementor-element-87faa51 .elementor-heading-title, .elementor-4714 .elementor-element.elementor-element-87faa51 .hfe-page-title a{font-size:35px;}}@media(max-width:767px){.elementor-4714 .elementor-element.elementor-element-4d6f2c1{--padding-top:10%;--padding-bottom:10%;--padding-left:3%;--padding-right:3%;}.elementor-4714 .elementor-element.elementor-element-87faa51 .elementor-heading-title, .elementor-4714 .elementor-element.elementor-element-87faa51 .hfe-page-title a{font-size:28px;}}<\/style>\t\t<div data-elementor-type=\"page\" data-elementor-id=\"4714\" class=\"elementor elementor-4714 elementor-874 elementor-874\" data-elementor-post-type=\"elementor_library\">\n\t\t\t\t<div class=\"elementor-element elementor-element-4d6f2c1 e-flex e-con-boxed wpr-particle-no wpr-jarallax-no wpr-parallax-no wpr-sticky-section-no wpr-equal-height-no e-con e-parent\" data-id=\"4d6f2c1\" data-element_type=\"container\" data-e-type=\"container\" data-settings=\"{&quot;background_background&quot;:&quot;classic&quot;}\">\n\t\t\t\t\t<div class=\"e-con-inner\">\n\t\t\t\t<div class=\"elementor-element elementor-element-87faa51 elementor-widget elementor-widget-page-title\" data-id=\"87faa51\" data-element_type=\"widget\" data-e-type=\"widget\" data-settings=\"{&quot;align&quot;:&quot;center&quot;}\" data-widget_type=\"page-title.default\">\n\t\t\t\t<div class=\"elementor-widget-container\">\n\t\t\t\t\t\t\t\n\t\t<div class=\"hfe-page-title hfe-page-title-wrapper elementor-widget-heading\">\n\n\t\t\t\t\t\t\t\t<h1 class=\"elementor-heading-title elementor-size-default\">\n\t\t\t\t\t\t\t\t\n\t\t\t\tContact  \n\t\t\t<\/h1 > \n\t\t\t\t\t<\/div>\n\t\t\t\t\t\t<\/div>\n\t\t\t\t<\/div>\n\t\t\t\t\t<\/div>\n\t\t\t\t<\/div>\n\t\t\t\t<\/div>\n\t\t\n\t\t\t\t\t\t\t\t\t\t\t\t\t<\/div>\n\t\t\t\t\t\t\t\t\t<\/div>\n\n\t\t\t\n\t\t\t\n\t\t\t\t\t<\/div>\n\t\t\t\t\t\t<\/div>\n\t\t\t\t<\/div>\n\t\t\t\t<\/div>\n\t\t<div class=\"elementor-element elementor-element-5f4095d e-flex e-con-boxed wpr-particle-no wpr-jarallax-no wpr-parallax-no wpr-sticky-section-no wpr-equal-height-no e-con e-parent\" data-id=\"5f4095d\" data-element_type=\"container\" data-e-type=\"container\">\n\t\t\t\t\t<div class=\"e-con-inner\">\n\t\t<div class=\"elementor-element elementor-element-7180e1f e-con-full e-flex wpr-particle-no wpr-jarallax-no wpr-parallax-no wpr-sticky-section-no wpr-equal-height-no e-con e-child\" data-id=\"7180e1f\" data-element_type=\"container\" data-e-type=\"container\">\n\t\t\t\t<div class=\"elementor-element elementor-element-9b0d38c elementor-widget__width-initial elementor-widget elementor-widget-heading\" data-id=\"9b0d38c\" data-element_type=\"widget\" data-e-type=\"widget\" data-widget_type=\"heading.default\">\n\t\t\t\t<div class=\"elementor-widget-container\">\n\t\t\t\t\t<h5 class=\"elementor-heading-title elementor-size-default\">Gostamos muito de ouvir nossa comunidade e gostar\u00edamos de ouvir voc\u00ea!<\/h5>\t\t\t\t<\/div>\n\t\t\t\t<\/div>\n\t\t\t\t<div class=\"elementor-element elementor-element-d7edeaf elementor-widget elementor-widget-text-editor\" data-id=\"d7edeaf\" data-element_type=\"widget\" data-e-type=\"widget\" data-widget_type=\"text-editor.default\">\n\t\t\t\t<div class=\"elementor-widget-container\">\n\t\t\t\t\t\t\t\t\t<p>Preencha o formul\u00e1rio abaixo ou envie-nos um e-mail para <a href=\"mailto:info@iamcreation.com\">info@iamcreation.com.<\/a><\/p>\n\t\t\t\t\t\t\t\t<\/div>\n\t\t\t\t<\/div>\n\t\t\t\t<\/div>\n\t\t\t\t<div class=\"elementor-element elementor-element-1f31236 elementor-widget elementor-widget-shortcode\" data-id=\"1f31236\" data-element_type=\"widget\" data-e-type=\"widget\" data-widget_type=\"shortcode.default\">\n\t\t\t\t<div class=\"elementor-widget-container\">\n\t\t\t\t\t\t\t<div class=\"elementor-shortcode\"><div class=\"forminator-ui forminator-custom-form forminator-custom-form-911 forminator-design--default  forminator_ajax\" data-forminator-render=\"0\" data-form=\"forminator-module-911\" data-uid=\"69e1808b54bc1\"><br\/><\/div><form\n\t\t\t\tid=\"forminator-module-911\"\n\t\t\t\tclass=\"forminator-ui forminator-custom-form forminator-custom-form-911 forminator-design--default  forminator_ajax\"\n\t\t\t\tmethod=\"post\"\n\t\t\t\tdata-forminator-render=\"0\"\n\t\t\t\tdata-form-id=\"911\"\n\t\t\t\t data-color-option=\"default\" data-design=\"default\" data-grid=\"open\" style=\"display: none;\"\n\t\t\t\tdata-uid=\"69e1808b54bc1\"\n\t\t\t><div role=\"alert\" aria-live=\"polite\" class=\"forminator-response-message forminator-error\" aria-hidden=\"true\"><\/div><div class=\"forminator-row\"><div id=\"name-1\" class=\"forminator-field-name forminator-col forminator-col-12  form-contact\"><div class=\"forminator-field\"><input type=\"text\" name=\"name-1\" value=\"\" placeholder=\"Full Name\" id=\"forminator-field-name-1_69e1808b54bc1\" class=\"forminator-input forminator-name--field\" aria-required=\"true\" autocomplete=\"name\" \/><\/div><\/div><\/div><div class=\"forminator-row\"><div id=\"email-1\" class=\"forminator-field-email forminator-col forminator-col-6  form-contact\"><div class=\"forminator-field\"><input type=\"email\" name=\"email-1\" value=\"\" placeholder=\"Enter email address\" id=\"forminator-field-email-1_69e1808b54bc1\" class=\"forminator-input forminator-email--field\" data-required=\"true\" aria-required=\"true\" autocomplete=\"email\" \/><\/div><\/div><div id=\"phone-1\" class=\"forminator-field-phone forminator-col forminator-col-6  form-contact\"><div class=\"forminator-field\"><input type=\"text\" name=\"phone-1\" value=\"\" placeholder=\"Enter phone number\" id=\"forminator-field-phone-1_69e1808b54bc1\" class=\"forminator-input forminator-field--phone\" data-required=\"1\" aria-required=\"true\" autocomplete=\"off\" \/><\/div><\/div><\/div><div class=\"forminator-row\"><div id=\"textarea-1\" class=\"forminator-field-textarea forminator-col forminator-col-12  form-contact-msg\"><div class=\"forminator-field\"><textarea name=\"textarea-1\" placeholder=\"How can we help you...\" id=\"forminator-field-textarea-1_69e1808b54bc1\" class=\"forminator-textarea\" rows=\"6\" style=\"min-height:140px;\" maxlength=\"180\" ><\/textarea><span id=\"forminator-field-textarea-1_69e1808b54bc1-description\" class=\"forminator-description\"><span data-limit=\"180\" data-type=\"characters\" data-editor=\"\">0 \/ 180<\/span><\/span><\/div><\/div><\/div><input type=\"hidden\" name=\"referer_url\" value=\"\" \/><div class=\"forminator-row forminator-row-last\"><div class=\"forminator-col\"><div class=\"forminator-field\"><button class=\"forminator-button forminator-button-submit form-contact-btn\">Send Message<\/button><\/div><\/div><\/div><input type=\"hidden\" id=\"forminator_nonce\" name=\"forminator_nonce\" value=\"2c65817104\" \/><input type=\"hidden\" name=\"_wp_http_referer\" value=\"\/pt-br\/wp-json\/wp\/v2\/pages\/4765\" \/><input type=\"hidden\" name=\"form_id\" value=\"911\"><input type=\"hidden\" name=\"page_id\" value=\"4765\"><input type=\"hidden\" name=\"form_type\" value=\"default\"><input type=\"hidden\" name=\"current_url\" value=\"https:\/\/iamcreation.com\/pt-br\/entre-em-contato-conosco\/\"><input type=\"hidden\" name=\"render_id\" value=\"0\"><input type=\"hidden\" name=\"action\" value=\"forminator_submit_form_custom-forms\"><\/form><\/div>\n\t\t\t\t\t\t<\/div>\n\t\t\t\t<\/div>\n\t\t\t\t\t<\/div>\n\t\t\t\t<\/div>\n\t\t\t\t<\/div>\n\t\t","protected":false},"excerpt":{"rendered":"<p>&lt;\/h1 &gt; Gostamos muito de ouvir nossa comunidade e gostar\u00edamos de ouvir voc\u00ea! Preencha o formul\u00e1rio abaixo ou envie-nos um e-mail para info@iamcreation.com.<\/p>\n","protected":false},"author":1,"featured_media":0,"parent":0,"menu_order":0,"comment_status":"closed","ping_status":"closed","template":"","meta":{"_acf_changed":false,"footnotes":""},"class_list":["post-4765","page","type-page","status-publish","hentry"],"acf":[],"yoast_head":"<!-- This site is optimized with the Yoast SEO plugin v27.3 - https:\/\/yoast.com\/product\/yoast-seo-wordpress\/ -->\n<title>Contact - I am Creation\u00ae<\/title>\n<meta name=\"description\" content=\"Explore contact i am creation at I Am Creation. Transform your space with immersive art films and Living Frames. Subscribe today.\" \/>\n<meta name=\"robots\" content=\"index, follow, max-snippet:-1, max-image-preview:large, max-video-preview:-1\" \/>\n<link rel=\"canonical\" href=\"https:\/\/iamcreation.com\/pt-br\/entre-em-contato-conosco\/\" \/>\n<meta property=\"og:locale\" content=\"pt_BR\" \/>\n<meta property=\"og:type\" content=\"article\" \/>\n<meta property=\"og:title\" content=\"Contact - I am Creation\u00ae\" \/>\n<meta property=\"og:description\" content=\"Explore contact i am creation at I Am Creation. Transform your space with immersive art films and Living Frames. Subscribe today.\" \/>\n<meta property=\"og:url\" content=\"https:\/\/iamcreation.com\/pt-br\/entre-em-contato-conosco\/\" \/>\n<meta property=\"og:site_name\" content=\"I am Creation\u00ae\" \/>\n<meta property=\"article:publisher\" content=\"https:\/\/www.facebook.com\/profile.php?id=61553871809663\" \/>\n<meta property=\"article:modified_time\" content=\"2025-09-10T16:43:13+00:00\" \/>\n<meta name=\"twitter:card\" content=\"summary_large_image\" \/>\n<meta name=\"twitter:label1\" content=\"Est. tempo de leitura\" \/>\n\t<meta name=\"twitter:data1\" content=\"1 minuto\" \/>\n<script type=\"application\/ld+json\" class=\"yoast-schema-graph\">{\"@context\":\"https:\\\/\\\/schema.org\",\"@graph\":[{\"@type\":\"WebPage\",\"@id\":\"https:\\\/\\\/iamcreation.com\\\/pt-br\\\/entre-em-contato-conosco\\\/\",\"url\":\"https:\\\/\\\/iamcreation.com\\\/pt-br\\\/entre-em-contato-conosco\\\/\",\"name\":\"Contact - I am Creation\u00ae\",\"isPartOf\":{\"@id\":\"https:\\\/\\\/iamcreation.com\\\/pt-br\\\/#website\"},\"datePublished\":\"2024-05-29T20:40:47+00:00\",\"dateModified\":\"2025-09-10T16:43:13+00:00\",\"description\":\"Explore contact i am creation at I Am Creation. Transform your space with immersive art films and Living Frames. Subscribe today.\",\"breadcrumb\":{\"@id\":\"https:\\\/\\\/iamcreation.com\\\/pt-br\\\/entre-em-contato-conosco\\\/#breadcrumb\"},\"inLanguage\":\"pt-BR\",\"potentialAction\":[{\"@type\":\"ReadAction\",\"target\":[\"https:\\\/\\\/iamcreation.com\\\/pt-br\\\/entre-em-contato-conosco\\\/\"]}]},{\"@type\":\"BreadcrumbList\",\"@id\":\"https:\\\/\\\/iamcreation.com\\\/pt-br\\\/entre-em-contato-conosco\\\/#breadcrumb\",\"itemListElement\":[{\"@type\":\"ListItem\",\"position\":1,\"name\":\"Home\",\"item\":\"https:\\\/\\\/iamcreation.com\\\/pt-br\\\/\"},{\"@type\":\"ListItem\",\"position\":2,\"name\":\"Contact\"}]},{\"@type\":\"WebSite\",\"@id\":\"https:\\\/\\\/iamcreation.com\\\/pt-br\\\/#website\",\"url\":\"https:\\\/\\\/iamcreation.com\\\/pt-br\\\/\",\"name\":\"I am Creation\u00ae\",\"description\":\"\",\"publisher\":{\"@id\":\"https:\\\/\\\/iamcreation.com\\\/pt-br\\\/#organization\"},\"potentialAction\":[{\"@type\":\"SearchAction\",\"target\":{\"@type\":\"EntryPoint\",\"urlTemplate\":\"https:\\\/\\\/iamcreation.com\\\/pt-br\\\/?s={search_term_string}\"},\"query-input\":{\"@type\":\"PropertyValueSpecification\",\"valueRequired\":true,\"valueName\":\"search_term_string\"}}],\"inLanguage\":\"pt-BR\"},{\"@type\":\"Organization\",\"@id\":\"https:\\\/\\\/iamcreation.com\\\/pt-br\\\/#organization\",\"name\":\"Eu sou a Creation\u00ae.\",\"url\":\"https:\\\/\\\/iamcreation.com\\\/pt-br\\\/\",\"logo\":{\"@type\":\"ImageObject\",\"inLanguage\":\"pt-BR\",\"@id\":\"https:\\\/\\\/iamcreation.com\\\/pt-br\\\/#\\\/schema\\\/logo\\\/image\\\/\",\"url\":\"https:\\\/\\\/iamcreation.com\\\/wp-content\\\/uploads\\\/2024\\\/05\\\/Logo-Text-with-Texture_Transparent.png\",\"contentUrl\":\"https:\\\/\\\/iamcreation.com\\\/wp-content\\\/uploads\\\/2024\\\/05\\\/Logo-Text-with-Texture_Transparent.png\",\"width\":1070,\"height\":291,\"caption\":\"Eu sou a Creation\u00ae.\"},\"image\":{\"@id\":\"https:\\\/\\\/iamcreation.com\\\/pt-br\\\/#\\\/schema\\\/logo\\\/image\\\/\"},\"sameAs\":[\"https:\\\/\\\/www.facebook.com\\\/profile.php?id=61553871809663\",\"https:\\\/\\\/www.instagram.com\\\/_iamcreation\\\/\"]}]}<\/script>\n<!-- \/ Yoast SEO plugin. -->","yoast_head_json":{"title":"Contact - I am Creation\u00ae","description":"Explore contact i am creation at I Am Creation. Transform your space with immersive art films and Living Frames. Subscribe today.","robots":{"index":"index","follow":"follow","max-snippet":"max-snippet:-1","max-image-preview":"max-image-preview:large","max-video-preview":"max-video-preview:-1"},"canonical":"https:\/\/iamcreation.com\/pt-br\/entre-em-contato-conosco\/","og_locale":"pt_BR","og_type":"article","og_title":"Contact - I am Creation\u00ae","og_description":"Explore contact i am creation at I Am Creation. Transform your space with immersive art films and Living Frames. Subscribe today.","og_url":"https:\/\/iamcreation.com\/pt-br\/entre-em-contato-conosco\/","og_site_name":"I am Creation\u00ae","article_publisher":"https:\/\/www.facebook.com\/profile.php?id=61553871809663","article_modified_time":"2025-09-10T16:43:13+00:00","twitter_card":"summary_large_image","twitter_misc":{"Est. tempo de leitura":"1 minuto"},"schema":{"@context":"https:\/\/schema.org","@graph":[{"@type":"WebPage","@id":"https:\/\/iamcreation.com\/pt-br\/entre-em-contato-conosco\/","url":"https:\/\/iamcreation.com\/pt-br\/entre-em-contato-conosco\/","name":"Contact - I am Creation\u00ae","isPartOf":{"@id":"https:\/\/iamcreation.com\/pt-br\/#website"},"datePublished":"2024-05-29T20:40:47+00:00","dateModified":"2025-09-10T16:43:13+00:00","description":"Explore contact i am creation at I Am Creation. Transform your space with immersive art films and Living Frames. Subscribe today.","breadcrumb":{"@id":"https:\/\/iamcreation.com\/pt-br\/entre-em-contato-conosco\/#breadcrumb"},"inLanguage":"pt-BR","potentialAction":[{"@type":"ReadAction","target":["https:\/\/iamcreation.com\/pt-br\/entre-em-contato-conosco\/"]}]},{"@type":"BreadcrumbList","@id":"https:\/\/iamcreation.com\/pt-br\/entre-em-contato-conosco\/#breadcrumb","itemListElement":[{"@type":"ListItem","position":1,"name":"Home","item":"https:\/\/iamcreation.com\/pt-br\/"},{"@type":"ListItem","position":2,"name":"Contact"}]},{"@type":"WebSite","@id":"https:\/\/iamcreation.com\/pt-br\/#website","url":"https:\/\/iamcreation.com\/pt-br\/","name":"I am Creation\u00ae","description":"","publisher":{"@id":"https:\/\/iamcreation.com\/pt-br\/#organization"},"potentialAction":[{"@type":"SearchAction","target":{"@type":"EntryPoint","urlTemplate":"https:\/\/iamcreation.com\/pt-br\/?s={search_term_string}"},"query-input":{"@type":"PropertyValueSpecification","valueRequired":true,"valueName":"search_term_string"}}],"inLanguage":"pt-BR"},{"@type":"Organization","@id":"https:\/\/iamcreation.com\/pt-br\/#organization","name":"Eu sou a Creation\u00ae.","url":"https:\/\/iamcreation.com\/pt-br\/","logo":{"@type":"ImageObject","inLanguage":"pt-BR","@id":"https:\/\/iamcreation.com\/pt-br\/#\/schema\/logo\/image\/","url":"https:\/\/iamcreation.com\/wp-content\/uploads\/2024\/05\/Logo-Text-with-Texture_Transparent.png","contentUrl":"https:\/\/iamcreation.com\/wp-content\/uploads\/2024\/05\/Logo-Text-with-Texture_Transparent.png","width":1070,"height":291,"caption":"Eu sou a Creation\u00ae."},"image":{"@id":"https:\/\/iamcreation.com\/pt-br\/#\/schema\/logo\/image\/"},"sameAs":["https:\/\/www.facebook.com\/profile.php?id=61553871809663","https:\/\/www.instagram.com\/_iamcreation\/"]}]}},"_links":{"self":[{"href":"https:\/\/iamcreation.com\/pt-br\/wp-json\/wp\/v2\/pages\/4765","targetHints":{"allow":["GET"]}}],"collection":[{"href":"https:\/\/iamcreation.com\/pt-br\/wp-json\/wp\/v2\/pages"}],"about":[{"href":"https:\/\/iamcreation.com\/pt-br\/wp-json\/wp\/v2\/types\/page"}],"author":[{"embeddable":true,"href":"https:\/\/iamcreation.com\/pt-br\/wp-json\/wp\/v2\/users\/1"}],"replies":[{"embeddable":true,"href":"https:\/\/iamcreation.com\/pt-br\/wp-json\/wp\/v2\/comments?post=4765"}],"version-history":[{"count":6,"href":"https:\/\/iamcreation.com\/pt-br\/wp-json\/wp\/v2\/pages\/4765\/revisions"}],"predecessor-version":[{"id":8127,"href":"https:\/\/iamcreation.com\/pt-br\/wp-json\/wp\/v2\/pages\/4765\/revisions\/8127"}],"wp:attachment":[{"href":"https:\/\/iamcreation.com\/pt-br\/wp-json\/wp\/v2\/media?parent=4765"}],"curies":[{"name":"wp","href":"https:\/\/api.w.org\/{rel}","templated":true}]}}