{"id":4756,"date":"2024-06-11T21:31:42","date_gmt":"2024-06-11T21:31:42","guid":{"rendered":"https:\/\/iamcreation.com\/acessibilidade\/"},"modified":"2025-09-10T17:06:30","modified_gmt":"2025-09-10T17:06:30","slug":"acessibilidade","status":"publish","type":"page","link":"https:\/\/iamcreation.com\/pt-br\/acessibilidade\/","title":{"rendered":"Accessibility"},"content":{"rendered":"<style>.elementor-4756 .elementor-element.elementor-element-64960364{--display:flex;--flex-direction:column;--container-widget-width:100%;--container-widget-height:initial;--container-widget-flex-grow:0;--container-widget-align-self:initial;--flex-wrap-mobile:wrap;--margin-top:0px;--margin-bottom:0px;--margin-left:0px;--margin-right:0px;--padding-top:0px;--padding-bottom:0px;--padding-left:0px;--padding-right:0px;}.elementor-4756 .elementor-element.elementor-element-5c4ac310 .slick-dots,.elementor-4756 .elementor-element.elementor-element-5c4ac310 .premium-carousel-nav-fraction{text-align:center;}.elementor-4756 .elementor-element.elementor-element-5c4ac310 .premium-carousel-scale .premium-carousel-inner .slick-slide{transition:all 300ms !important;}.elementor-4756 .elementor-element.elementor-element-5c4ac310 .premium-carousel-nav-progressbar-fill{transition-duration:300ms !important;}.elementor-4756 .elementor-element.elementor-element-5c4ac310 .premium-carousel-wrapper .slick-arrow{font-size:14px;}.elementor-4756 .elementor-element.elementor-element-5c4ac310 .premium-carousel-wrapper .slick-arrow svg{width:14px;height:14px;}.elementor-4756 .elementor-element.elementor-element-5f4095d{--display:flex;--flex-direction:column;--container-widget-width:100%;--container-widget-height:initial;--container-widget-flex-grow:0;--container-widget-align-self:initial;--flex-wrap-mobile:wrap;--padding-top:5%;--padding-bottom:5%;--padding-left:3%;--padding-right:3%;}.elementor-4756 .elementor-element.elementor-element-166eb32{font-family:\"Manrope\", Sans-serif;}@media(max-width:767px){.elementor-4756 .elementor-element.elementor-element-5f4095d{--padding-top:10%;--padding-bottom:10%;--padding-left:3%;--padding-right:3%;}}<\/style>\t\t<div data-elementor-type=\"wp-page\" data-elementor-id=\"4756\" class=\"elementor elementor-4756 elementor-2083\" data-elementor-post-type=\"page\">\n\t\t\t\t<div class=\"elementor-element elementor-element-64960364 e-con-full e-flex wpr-particle-no wpr-jarallax-no wpr-parallax-no wpr-sticky-section-no wpr-equal-height-no e-con e-parent\" data-id=\"64960364\" data-element_type=\"container\" data-e-type=\"container\">\n\t\t\t\t<div class=\"elementor-element elementor-element-5c4ac310 pa-carousel-template pa-carousel-horizontal pa-arrows-default elementor-widget elementor-widget-premium-carousel-widget\" data-id=\"5c4ac310\" data-element_type=\"widget\" data-e-type=\"widget\" data-widget_type=\"premium-carousel-widget.default\">\n\t\t\t\t<div class=\"elementor-widget-container\">\n\t\t\t\t\t\t\t<div id=\"premium-carousel-wrapper-5c4ac310\" class=\"premium-carousel-wrapper premium-carousel-hidden carousel-wrapper-5c4ac310  premium-carousel-dots-below\" data-settings=\"{&quot;vertical&quot;:false,&quot;appearance&quot;:&quot;all&quot;,&quot;slidesToShow&quot;:1,&quot;infinite&quot;:true,&quot;speed&quot;:300,&quot;fade&quot;:false,&quot;autoplay&quot;:true,&quot;autoplaySpeed&quot;:5000,&quot;draggable&quot;:true,&quot;touchMove&quot;:true,&quot;adaptiveHeight&quot;:false,&quot;variableWidth&quot;:false,&quot;cssEase&quot;:&quot;ease&quot;,&quot;pauseOnHover&quot;:false,&quot;centerMode&quot;:false,&quot;arrows&quot;:true,&quot;dots&quot;:true,&quot;slidesDesk&quot;:1,&quot;slidesTab&quot;:1,&quot;slidesMob&quot;:1,&quot;animation&quot;:&quot;null&quot;,&quot;tabletBreak&quot;:1025,&quot;mobileBreak&quot;:768,&quot;navigation&quot;:[],&quot;carouselNavigation&quot;:true,&quot;templatesNumber&quot;:1,&quot;hasNavSlider&quot;:false,&quot;mouseTilt&quot;:false,&quot;mouseTiltRev&quot;:false}\">\n\t\t\t<!-- Dots -->\n\t\t\t\t\t\t\t<div class=\"premium-carousel-nav-dot\">\n\t\t\t\t\t\t\t\t\t\t\t\t<i class=\"fas fa-circle\" aria-hidden=\"true\"><\/i>\n\t\t\t\t\t\t\t\t\t\t<\/div>\n\t\t\t\n\t\t\t\t\t\t\t<div class=\"premium-carousel-nav-arrow-prev\">\n\t\t\t\t\t<a type=\"button\" data-role=\"none\" class=\"carousel-arrow carousel-prev\" aria-label=\"Previous\" role=\"button\">\n\t\t\t\t\t\t\t\t\t\t\t\t\t<i class=\"fas fa-angle-left\" aria-hidden=\"true\"><\/i>\n\t\t\t\t\t\t\t\t\t\t\t\t<\/a>\n\t\t\t\t\t<\/div>\n\t\t\t\t\t<div class=\"premium-carousel-nav-arrow-next\">\n\t\t\t\t\t\t<a type=\"button\" data-role=\"none\" class=\"carousel-arrow carousel-next\" aria-label=\"Next\" role=\"button\">\n\t\t\t\t\t\t\t\t\t\t\t\t\t\t\t<i class=\"fas fa-angle-right\" aria-hidden=\"true\"><\/i>\n\t\t\t\t\t\t\t\t\t\t\t\t\t\t<\/a>\n\t\t\t\t\t<\/div>\n\t\t\t\n\t\t\t<!-- Main Slides -->\n\t\t\t<div id=\"premium-carousel-5c4ac310\" class=\"premium-carousel-inner\">\n\t\t\t\t\t\t\t\t\t\t<div class=\"premium-carousel-template item-wrapper\" >\n\t\t\t\t\t\t\t<style>.elementor-4714 .elementor-element.elementor-element-4d6f2c1{--display:flex;--flex-direction:column;--container-widget-width:100%;--container-widget-height:initial;--container-widget-flex-grow:0;--container-widget-align-self:initial;--flex-wrap-mobile:wrap;border-style:solid;--border-style:solid;border-width:0px 0px 1px 0px;--border-top-width:0px;--border-right-width:0px;--border-bottom-width:1px;--border-left-width:0px;border-color:#EAEAEA;--border-color:#EAEAEA;--padding-top:2%;--padding-bottom:2%;--padding-left:3%;--padding-right:3%;}.elementor-4714 .elementor-element.elementor-element-87faa51 .hfe-page-title-wrapper{text-align:center;}.elementor-4714 .elementor-element.elementor-element-87faa51 .elementor-heading-title, .elementor-4714 .elementor-element.elementor-element-87faa51 .hfe-page-title a{font-family:\"Cormorant Garamond\", Sans-serif;font-size:45px;font-weight:400;color:var( --e-global-color-text );}.elementor-4714 .elementor-element.elementor-element-87faa51 .hfe-page-title-icon i{color:var( --e-global-color-text );}.elementor-4714 .elementor-element.elementor-element-87faa51 .hfe-page-title-icon svg{fill:var( --e-global-color-text );}.elementor-4714 .elementor-element.elementor-element-87faa51 > .elementor-widget-container{margin:0px 0px 0px 0px;padding:0px 0px 0px 0px;}@media(max-width:1024px){.elementor-4714 .elementor-element.elementor-element-87faa51 .elementor-heading-title, .elementor-4714 .elementor-element.elementor-element-87faa51 .hfe-page-title a{font-size:35px;}}@media(max-width:767px){.elementor-4714 .elementor-element.elementor-element-4d6f2c1{--padding-top:10%;--padding-bottom:10%;--padding-left:3%;--padding-right:3%;}.elementor-4714 .elementor-element.elementor-element-87faa51 .elementor-heading-title, .elementor-4714 .elementor-element.elementor-element-87faa51 .hfe-page-title a{font-size:28px;}}<\/style>\t\t<div data-elementor-type=\"page\" data-elementor-id=\"4714\" class=\"elementor elementor-4714 elementor-874 elementor-874\" data-elementor-post-type=\"elementor_library\">\n\t\t\t\t<div class=\"elementor-element elementor-element-4d6f2c1 e-flex e-con-boxed wpr-particle-no wpr-jarallax-no wpr-parallax-no wpr-sticky-section-no wpr-equal-height-no e-con e-parent\" data-id=\"4d6f2c1\" data-element_type=\"container\" data-e-type=\"container\" data-settings=\"{&quot;background_background&quot;:&quot;classic&quot;}\">\n\t\t\t\t\t<div class=\"e-con-inner\">\n\t\t\t\t<div class=\"elementor-element elementor-element-87faa51 elementor-widget elementor-widget-page-title\" data-id=\"87faa51\" data-element_type=\"widget\" data-e-type=\"widget\" data-settings=\"{&quot;align&quot;:&quot;center&quot;}\" data-widget_type=\"page-title.default\">\n\t\t\t\t<div class=\"elementor-widget-container\">\n\t\t\t\t\t\t\t\n\t\t<div class=\"hfe-page-title hfe-page-title-wrapper elementor-widget-heading\">\n\n\t\t\t\t\t\t\t\t<h1 class=\"elementor-heading-title elementor-size-default\">\n\t\t\t\t\t\t\t\t\n\t\t\t\tAccessibility  \n\t\t\t<\/h1 > \n\t\t\t\t\t<\/div>\n\t\t\t\t\t\t<\/div>\n\t\t\t\t<\/div>\n\t\t\t\t\t<\/div>\n\t\t\t\t<\/div>\n\t\t\t\t<\/div>\n\t\t\n\t\t\t\t\t\t\t\t\t\t\t\t\t<\/div>\n\t\t\t\t\t\t\t\t\t<\/div>\n\n\t\t\t\n\t\t\t\n\t\t\t\t\t<\/div>\n\t\t\t\t\t\t<\/div>\n\t\t\t\t<\/div>\n\t\t\t\t<\/div>\n\t\t<div class=\"elementor-element elementor-element-5f4095d e-flex e-con-boxed wpr-particle-no wpr-jarallax-no wpr-parallax-no wpr-sticky-section-no wpr-equal-height-no e-con e-parent\" data-id=\"5f4095d\" data-element_type=\"container\" data-e-type=\"container\">\n\t\t\t\t\t<div class=\"e-con-inner\">\n\t\t\t\t<div class=\"elementor-element elementor-element-166eb32 elementor-widget elementor-widget-text-editor\" data-id=\"166eb32\" data-element_type=\"widget\" data-e-type=\"widget\" data-widget_type=\"text-editor.default\">\n\t\t\t\t<div class=\"elementor-widget-container\">\n\t\t\t\t\t\t\t\t\t<h5>I am Creation\u2122 Declara\u00e7\u00e3o de acessibilidade<\/h5>\n<p>Atualizado: Junho de 2024.<\/p>\n<h5>Geral<\/h5>\n<p>A I am Creation\u2122 se esfor\u00e7a para garantir que seus servi\u00e7os sejam acess\u00edveis a pessoas com defici\u00eancias.<br \/>\nA I am Creation\u2122 investiu uma quantidade significativa de recursos para ajudar a garantir que seu site seja mais f\u00e1cil de usar e mais acess\u00edvel para pessoas com defici\u00eancias, com a forte convic\u00e7\u00e3o de que todas as pessoas t\u00eam o direito de viver com dignidade, igualdade, conforto e independ\u00eancia. <\/p>\n<h5>Acessibilidade em iamcreation.com<\/h5>\n<p>A I am Creation\u2122 disponibiliza o UserWay Website Accessibility Widget que \u00e9 alimentado por um servidor de acessibilidade dedicado.<br \/>\nO software permite que iamcreation.com melhore sua conformidade com as Diretrizes de acessibilidade de conte\u00fado da Web (WCAG 2.1). <\/p>\n<h5>Como ativar o menu de acessibilidade<\/h5>\n<p>O menu de acessibilidade I am Creation\u2122 pode ser ativado pressionando a tecla Tab quando a p\u00e1gina for carregada pela primeira vez ou clicando no \u00edcone do menu de acessibilidade que aparece no canto da p\u00e1gina.<br \/>\nDepois de acionar o menu de acessibilidade, aguarde um momento para que o menu de acessibilidade seja carregado em sua totalidade. <\/p>\n<h5>Isen\u00e7\u00e3o de responsabilidade<\/h5>\n<p>A I am Creation\u2122 continua a se esfor\u00e7ar para melhorar constantemente a acessibilidade de seu site e de seus servi\u00e7os, acreditando que \u00e9 nossa obriga\u00e7\u00e3o moral coletiva permitir o uso cont\u00ednuo, acess\u00edvel e desimpedido tamb\u00e9m para aqueles de n\u00f3s com defici\u00eancias.<\/p>\n<p>Em um esfor\u00e7o cont\u00ednuo para melhorar e corrigir problemas de acessibilidade, tamb\u00e9m verificamos regularmente o site iamcreation.com com o UserWay&#8217;s Accessibility Scanner para identificar e corrigir todas as poss\u00edveis barreiras de acessibilidade em nosso site.<\/p>\n<p>Apesar de nossos esfor\u00e7os para tornar todas as p\u00e1ginas e conte\u00fados do iamcreation.com totalmente acess\u00edveis, alguns conte\u00fados podem ainda n\u00e3o ter sido totalmente adaptados aos mais rigorosos padr\u00f5es de acessibilidade.<br \/>\nIsso pode ser resultado do fato de voc\u00ea n\u00e3o ter encontrado ou identificado a solu\u00e7\u00e3o tecnol\u00f3gica mais adequada. <\/p>\n<h5>Aqui para voc\u00ea<\/h5>\n<p>Se voc\u00ea tiver dificuldade com qualquer conte\u00fado do iamcreation.com ou precisar de assist\u00eancia com qualquer parte do nosso site, entre em contato conosco durante o hor\u00e1rio comercial normal, conforme detalhado abaixo, e teremos prazer em ajudar.<\/p>\n<h5>Entre em contato conosco<\/h5>\n<p>Se voc\u00ea desejar relatar um problema de acessibilidade, tiver alguma d\u00favida ou precisar de assist\u00eancia, entre em contato com o Suporte ao cliente I am Creation\u2122 da seguinte forma:<\/p>\n<p>E-mail: info@iamcreation.com<\/p>\n\t\t\t\t\t\t\t\t<\/div>\n\t\t\t\t<\/div>\n\t\t\t\t\t<\/div>\n\t\t\t\t<\/div>\n\t\t\t\t<\/div>\n\t\t","protected":false},"excerpt":{"rendered":"<p>&lt;\/h1 &gt; I am Creation\u2122 Declara\u00e7\u00e3o de acessibilidade Atualizado: Junho de 2024. Geral A I am Creation\u2122 se esfor\u00e7a para garantir que seus servi\u00e7os sejam acess\u00edveis a pessoas com defici\u00eancias. A I am Creation\u2122 investiu uma quantidade significativa de recursos para ajudar a garantir que seu site seja mais f\u00e1cil de usar e mais acess\u00edvel para pessoas com defici\u00eancias, com a forte convic\u00e7\u00e3o de que todas as pessoas t\u00eam o direito de viver com dignidade, igualdade, conforto e independ\u00eancia. Acessibilidade em iamcreation.com A I am Creation\u2122 disponibiliza o UserWay Website Accessibility Widget que \u00e9 alimentado por um servidor de acessibilidade dedicado. O software permite que iamcreation.com melhore sua conformidade com as Diretrizes de acessibilidade de conte\u00fado da Web (WCAG 2.1). Como ativar o menu de acessibilidade O menu de acessibilidade I am Creation\u2122 pode ser ativado pressionando a tecla Tab quando a p\u00e1gina for carregada pela primeira vez ou clicando no \u00edcone do menu de acessibilidade que aparece no canto da p\u00e1gina. Depois de acionar o menu de acessibilidade, aguarde um momento para que o menu de acessibilidade seja carregado em sua totalidade. Isen\u00e7\u00e3o de responsabilidade A I am Creation\u2122 continua a se esfor\u00e7ar para melhorar constantemente a acessibilidade de seu site e de seus servi\u00e7os, acreditando que \u00e9 nossa obriga\u00e7\u00e3o moral coletiva permitir o uso cont\u00ednuo, acess\u00edvel e desimpedido tamb\u00e9m para aqueles de n\u00f3s com defici\u00eancias. Em um esfor\u00e7o cont\u00ednuo para melhorar e corrigir problemas de acessibilidade, tamb\u00e9m verificamos regularmente o site iamcreation.com com o UserWay&#8217;s Accessibility Scanner para identificar e corrigir todas as poss\u00edveis barreiras de acessibilidade em nosso site. Apesar de nossos esfor\u00e7os para tornar todas as p\u00e1ginas e conte\u00fados do iamcreation.com totalmente acess\u00edveis, alguns conte\u00fados podem ainda n\u00e3o ter sido totalmente adaptados aos mais rigorosos padr\u00f5es de acessibilidade. Isso pode ser resultado do fato de voc\u00ea n\u00e3o ter encontrado ou identificado a solu\u00e7\u00e3o tecnol\u00f3gica mais adequada. Aqui para voc\u00ea Se voc\u00ea tiver dificuldade com qualquer conte\u00fado do iamcreation.com ou precisar de assist\u00eancia com qualquer parte do nosso site, entre em contato conosco durante o hor\u00e1rio comercial normal, conforme detalhado abaixo, e teremos prazer em ajudar. Entre em contato conosco Se voc\u00ea desejar relatar um problema de acessibilidade, tiver alguma d\u00favida ou precisar de assist\u00eancia, entre em contato com o Suporte ao cliente I am Creation\u2122 da seguinte forma: E-mail: info@iamcreation.com<\/p>\n","protected":false},"author":1,"featured_media":0,"parent":0,"menu_order":0,"comment_status":"closed","ping_status":"closed","template":"elementor_header_footer","meta":{"_acf_changed":false,"footnotes":""},"class_list":["post-4756","page","type-page","status-publish","hentry"],"acf":[],"yoast_head":"<!-- This site is optimized with the Yoast SEO plugin v27.3 - https:\/\/yoast.com\/product\/yoast-seo-wordpress\/ -->\n<title>Accessibility - I am Creation\u00ae<\/title>\n<meta name=\"description\" content=\"Explore i am creation at I Am Creation. Transform your space with immersive art films and Living Frames. Subscribe today.\" \/>\n<meta name=\"robots\" content=\"index, follow, max-snippet:-1, max-image-preview:large, max-video-preview:-1\" \/>\n<link rel=\"canonical\" href=\"https:\/\/iamcreation.com\/pt-br\/acessibilidade\/\" \/>\n<meta property=\"og:locale\" content=\"pt_BR\" \/>\n<meta property=\"og:type\" content=\"article\" \/>\n<meta property=\"og:title\" content=\"Accessibility - I am Creation\u00ae\" \/>\n<meta property=\"og:description\" content=\"Explore i am creation at I Am Creation. Transform your space with immersive art films and Living Frames. Subscribe today.\" \/>\n<meta property=\"og:url\" content=\"https:\/\/iamcreation.com\/pt-br\/acessibilidade\/\" \/>\n<meta property=\"og:site_name\" content=\"I am Creation\u00ae\" \/>\n<meta property=\"article:publisher\" content=\"https:\/\/www.facebook.com\/profile.php?id=61553871809663\" \/>\n<meta property=\"article:modified_time\" content=\"2025-09-10T17:06:30+00:00\" \/>\n<meta name=\"twitter:card\" content=\"summary_large_image\" \/>\n<meta name=\"twitter:label1\" content=\"Est. tempo de leitura\" \/>\n\t<meta name=\"twitter:data1\" content=\"2 minutos\" \/>\n<script type=\"application\/ld+json\" class=\"yoast-schema-graph\">{\"@context\":\"https:\\\/\\\/schema.org\",\"@graph\":[{\"@type\":\"WebPage\",\"@id\":\"https:\\\/\\\/iamcreation.com\\\/pt-br\\\/acessibilidade\\\/\",\"url\":\"https:\\\/\\\/iamcreation.com\\\/pt-br\\\/acessibilidade\\\/\",\"name\":\"Accessibility - I am Creation\u00ae\",\"isPartOf\":{\"@id\":\"https:\\\/\\\/iamcreation.com\\\/pt-br\\\/#website\"},\"datePublished\":\"2024-06-11T21:31:42+00:00\",\"dateModified\":\"2025-09-10T17:06:30+00:00\",\"description\":\"Explore i am creation at I Am Creation. Transform your space with immersive art films and Living Frames. Subscribe today.\",\"breadcrumb\":{\"@id\":\"https:\\\/\\\/iamcreation.com\\\/pt-br\\\/acessibilidade\\\/#breadcrumb\"},\"inLanguage\":\"pt-BR\",\"potentialAction\":[{\"@type\":\"ReadAction\",\"target\":[\"https:\\\/\\\/iamcreation.com\\\/pt-br\\\/acessibilidade\\\/\"]}]},{\"@type\":\"BreadcrumbList\",\"@id\":\"https:\\\/\\\/iamcreation.com\\\/pt-br\\\/acessibilidade\\\/#breadcrumb\",\"itemListElement\":[{\"@type\":\"ListItem\",\"position\":1,\"name\":\"Home\",\"item\":\"https:\\\/\\\/iamcreation.com\\\/pt-br\\\/\"},{\"@type\":\"ListItem\",\"position\":2,\"name\":\"Accessibility\"}]},{\"@type\":\"WebSite\",\"@id\":\"https:\\\/\\\/iamcreation.com\\\/pt-br\\\/#website\",\"url\":\"https:\\\/\\\/iamcreation.com\\\/pt-br\\\/\",\"name\":\"I am Creation\u00ae\",\"description\":\"\",\"publisher\":{\"@id\":\"https:\\\/\\\/iamcreation.com\\\/pt-br\\\/#organization\"},\"potentialAction\":[{\"@type\":\"SearchAction\",\"target\":{\"@type\":\"EntryPoint\",\"urlTemplate\":\"https:\\\/\\\/iamcreation.com\\\/pt-br\\\/?s={search_term_string}\"},\"query-input\":{\"@type\":\"PropertyValueSpecification\",\"valueRequired\":true,\"valueName\":\"search_term_string\"}}],\"inLanguage\":\"pt-BR\"},{\"@type\":\"Organization\",\"@id\":\"https:\\\/\\\/iamcreation.com\\\/pt-br\\\/#organization\",\"name\":\"Eu sou a Creation\u00ae.\",\"url\":\"https:\\\/\\\/iamcreation.com\\\/pt-br\\\/\",\"logo\":{\"@type\":\"ImageObject\",\"inLanguage\":\"pt-BR\",\"@id\":\"https:\\\/\\\/iamcreation.com\\\/pt-br\\\/#\\\/schema\\\/logo\\\/image\\\/\",\"url\":\"https:\\\/\\\/iamcreation.com\\\/wp-content\\\/uploads\\\/2024\\\/05\\\/Logo-Text-with-Texture_Transparent.png\",\"contentUrl\":\"https:\\\/\\\/iamcreation.com\\\/wp-content\\\/uploads\\\/2024\\\/05\\\/Logo-Text-with-Texture_Transparent.png\",\"width\":1070,\"height\":291,\"caption\":\"Eu sou a Creation\u00ae.\"},\"image\":{\"@id\":\"https:\\\/\\\/iamcreation.com\\\/pt-br\\\/#\\\/schema\\\/logo\\\/image\\\/\"},\"sameAs\":[\"https:\\\/\\\/www.facebook.com\\\/profile.php?id=61553871809663\",\"https:\\\/\\\/www.instagram.com\\\/_iamcreation\\\/\"]}]}<\/script>\n<!-- \/ Yoast SEO plugin. -->","yoast_head_json":{"title":"Accessibility - I am Creation\u00ae","description":"Explore i am creation at I Am Creation. Transform your space with immersive art films and Living Frames. Subscribe today.","robots":{"index":"index","follow":"follow","max-snippet":"max-snippet:-1","max-image-preview":"max-image-preview:large","max-video-preview":"max-video-preview:-1"},"canonical":"https:\/\/iamcreation.com\/pt-br\/acessibilidade\/","og_locale":"pt_BR","og_type":"article","og_title":"Accessibility - I am Creation\u00ae","og_description":"Explore i am creation at I Am Creation. Transform your space with immersive art films and Living Frames. Subscribe today.","og_url":"https:\/\/iamcreation.com\/pt-br\/acessibilidade\/","og_site_name":"I am Creation\u00ae","article_publisher":"https:\/\/www.facebook.com\/profile.php?id=61553871809663","article_modified_time":"2025-09-10T17:06:30+00:00","twitter_card":"summary_large_image","twitter_misc":{"Est. tempo de leitura":"2 minutos"},"schema":{"@context":"https:\/\/schema.org","@graph":[{"@type":"WebPage","@id":"https:\/\/iamcreation.com\/pt-br\/acessibilidade\/","url":"https:\/\/iamcreation.com\/pt-br\/acessibilidade\/","name":"Accessibility - I am Creation\u00ae","isPartOf":{"@id":"https:\/\/iamcreation.com\/pt-br\/#website"},"datePublished":"2024-06-11T21:31:42+00:00","dateModified":"2025-09-10T17:06:30+00:00","description":"Explore i am creation at I Am Creation. Transform your space with immersive art films and Living Frames. Subscribe today.","breadcrumb":{"@id":"https:\/\/iamcreation.com\/pt-br\/acessibilidade\/#breadcrumb"},"inLanguage":"pt-BR","potentialAction":[{"@type":"ReadAction","target":["https:\/\/iamcreation.com\/pt-br\/acessibilidade\/"]}]},{"@type":"BreadcrumbList","@id":"https:\/\/iamcreation.com\/pt-br\/acessibilidade\/#breadcrumb","itemListElement":[{"@type":"ListItem","position":1,"name":"Home","item":"https:\/\/iamcreation.com\/pt-br\/"},{"@type":"ListItem","position":2,"name":"Accessibility"}]},{"@type":"WebSite","@id":"https:\/\/iamcreation.com\/pt-br\/#website","url":"https:\/\/iamcreation.com\/pt-br\/","name":"I am Creation\u00ae","description":"","publisher":{"@id":"https:\/\/iamcreation.com\/pt-br\/#organization"},"potentialAction":[{"@type":"SearchAction","target":{"@type":"EntryPoint","urlTemplate":"https:\/\/iamcreation.com\/pt-br\/?s={search_term_string}"},"query-input":{"@type":"PropertyValueSpecification","valueRequired":true,"valueName":"search_term_string"}}],"inLanguage":"pt-BR"},{"@type":"Organization","@id":"https:\/\/iamcreation.com\/pt-br\/#organization","name":"Eu sou a Creation\u00ae.","url":"https:\/\/iamcreation.com\/pt-br\/","logo":{"@type":"ImageObject","inLanguage":"pt-BR","@id":"https:\/\/iamcreation.com\/pt-br\/#\/schema\/logo\/image\/","url":"https:\/\/iamcreation.com\/wp-content\/uploads\/2024\/05\/Logo-Text-with-Texture_Transparent.png","contentUrl":"https:\/\/iamcreation.com\/wp-content\/uploads\/2024\/05\/Logo-Text-with-Texture_Transparent.png","width":1070,"height":291,"caption":"Eu sou a Creation\u00ae."},"image":{"@id":"https:\/\/iamcreation.com\/pt-br\/#\/schema\/logo\/image\/"},"sameAs":["https:\/\/www.facebook.com\/profile.php?id=61553871809663","https:\/\/www.instagram.com\/_iamcreation\/"]}]}},"_links":{"self":[{"href":"https:\/\/iamcreation.com\/pt-br\/wp-json\/wp\/v2\/pages\/4756","targetHints":{"allow":["GET"]}}],"collection":[{"href":"https:\/\/iamcreation.com\/pt-br\/wp-json\/wp\/v2\/pages"}],"about":[{"href":"https:\/\/iamcreation.com\/pt-br\/wp-json\/wp\/v2\/types\/page"}],"author":[{"embeddable":true,"href":"https:\/\/iamcreation.com\/pt-br\/wp-json\/wp\/v2\/users\/1"}],"replies":[{"embeddable":true,"href":"https:\/\/iamcreation.com\/pt-br\/wp-json\/wp\/v2\/comments?post=4756"}],"version-history":[{"count":7,"href":"https:\/\/iamcreation.com\/pt-br\/wp-json\/wp\/v2\/pages\/4756\/revisions"}],"predecessor-version":[{"id":8155,"href":"https:\/\/iamcreation.com\/pt-br\/wp-json\/wp\/v2\/pages\/4756\/revisions\/8155"}],"wp:attachment":[{"href":"https:\/\/iamcreation.com\/pt-br\/wp-json\/wp\/v2\/media?parent=4756"}],"curies":[{"name":"wp","href":"https:\/\/api.w.org\/{rel}","templated":true}]}}